{"id":102,"date":"2014-01-02T19:25:23","date_gmt":"2014-01-02T17:25:23","guid":{"rendered":"http:\/\/abicyclediary.com\/?page_id=102"},"modified":"2014-01-25T17:55:36","modified_gmt":"2014-01-25T16:55:36","slug":"uber-mich","status":"publish","type":"page","link":"https:\/\/abicyclediary.com\/?page_id=102","title":{"rendered":"\u00dcber mich"},"content":{"rendered":"<p><a href=\"http:\/\/abicyclediary.com\/wp-content\/uploads\/2014\/01\/Portrai.jpg\" rel=\"prettyPhoto[slides]\"><img loading=\"lazy\" class=\"alignnone size-medium wp-image-104 hmcdxvtbxwotvizqxokt jendotkjifyviifaxozd syqvousgmjcuzxlpisaa luiqnvyepejyojsbfarr\" alt=\"In Velo Veritas 2013\" src=\"http:\/\/abicyclediary.com\/wp-content\/uploads\/2014\/01\/Portrai-120x300.jpg\" width=\"120\" height=\"300\" \/><\/a><a href=\"http:\/\/abicyclediary.com\/wp-content\/uploads\/2014\/01\/In-Velo-Veritas-2013.jpg\" rel=\"prettyPhoto[slides]\"><img loading=\"lazy\" class=\"wp-image-105 alignleft\" alt=\"In Velo Veritas 2013\" src=\"http:\/\/abicyclediary.com\/wp-content\/uploads\/2014\/01\/In-Velo-Veritas-2013.jpg\" width=\"256\" height=\"639\" srcset=\"https:\/\/abicyclediary.com\/wp-content\/uploads\/2014\/01\/In-Velo-Veritas-2013.jpg 401w, https:\/\/abicyclediary.com\/wp-content\/uploads\/2014\/01\/In-Velo-Veritas-2013-120x300.jpg 120w\" sizes=\"(max-width: 256px) 100vw, 256px\" \/><\/a> \r\n        <div class=\"one-three\"> <span class=\"dropcap \">S<\/span>eit Jahren fahrradbegeistert, begann ich im Fr\u00fchjahr 2013 mit den Vorbereitungen f\u00fcr eine etwas aussergew\u00f6hnliche Fahrradtour. F\u00fcr 2014 standen die Zeichen gut, ein derartiges Projekt zu starten. Als freischaffender Architekt konnte ich 2013 meine Projekte gr\u00f6\u00dftenteils abschlie\u00dfen und mir folglich genug Zeit nehmen.<br \/>\nVon meiner Wahlheimat Wien aus werde ich mit dem Fahrrad in Richtung Osten aufbrechen um schlussendlich Wladivostok zu erreichen. Von dort aus soll es dann mit der Transsibirischen Eisenbahn zur\u00fcck nach Moskau gehen. Die letzten Meter werden dann entweder per Zug, oder per Fahrrad zur\u00fcckgelegt.<br \/>\nUm den Daheimgebliebenen die M\u00f6glichkeit zu geben, mich auf meiner Reise zu begleiten wurde dieser Blog gestartet. Je nach Zug\u00e4nglichkeit zu Internet bzw. Computern werden die Beitr\u00e4ge voraussichtlich w\u00f6chentlich aktualisiert. <\/div> \r\n        <div class=\"one-three\"> <span class=\"dropcap \">W<\/span>as steckt hinter der Idee mit dem Fahrrad nach Wladiwostok zu fahren?<br \/>\nMich reizte der Gedanke, den Euro-asiatischen Kontinent auf dem Landweg zu durchqueren und so entstand nach l\u00e4ngerer Vorbereitungszeit die Idee, die historische Seidenstra\u00dfe Richtung Peking zu befahren. Um ein wenig Zeit zu sparen beschloss ich, den R\u00fcckweg nicht mit dem Fahrrad zu organisieren, sondern statt dessen auf dem Landweg per Zug zu reisen.<br \/>\nEine Reise mit der Transsibirischen Eisenbahn hat mich schon seit langem fasziniert. Tagelang in Zug zu sitzen, und ohne Umsteigen tausende Kilometer zur\u00fcckzulegen ist f\u00fcr mich bisher eine nicht greifbare Erfahrung. Trotz intensiver Vorbereitung ist es nat\u00fcrlich nicht vorhersehbar, wie die Tour schlussendlich verlaufen wird. Ich bin gespannt und freue mich auf die sicherlich einzigartige Erfahrung.<br \/>\nIch w\u00fcnsche allen Lesern des Blogs viel Spa\u00df.\u00a0 <\/div> \r\n        <div class=\"one-three-last\">\u00a0\u00a0 <\/div>\r\n        <br style=\"clear: both;\" \/><\/p>\n","protected":false},"excerpt":{"rendered":"","protected":false},"author":2,"featured_media":0,"parent":0,"menu_order":3,"comment_status":"open","ping_status":"open","template":"","meta":[],"_links":{"self":[{"href":"https:\/\/abicyclediary.com\/index.php?rest_route=\/wp\/v2\/pages\/102"}],"collection":[{"href":"https:\/\/abicyclediary.com\/index.php?rest_route=\/wp\/v2\/pages"}],"about":[{"href":"https:\/\/abicyclediary.com\/index.php?rest_route=\/wp\/v2\/types\/page"}],"author":[{"embeddable":true,"href":"https:\/\/abicyclediary.com\/index.php?rest_route=\/wp\/v2\/users\/2"}],"replies":[{"embeddable":true,"href":"https:\/\/abicyclediary.com\/index.php?rest_route=%2Fwp%2Fv2%2Fcomments&post=102"}],"version-history":[{"count":25,"href":"https:\/\/abicyclediary.com\/index.php?rest_route=\/wp\/v2\/pages\/102\/revisions"}],"predecessor-version":[{"id":282,"href":"https:\/\/abicyclediary.com\/index.php?rest_route=\/wp\/v2\/pages\/102\/revisions\/282"}],"wp:attachment":[{"href":"https:\/\/abicyclediary.com\/index.php?rest_route=%2Fwp%2Fv2%2Fmedia&parent=102"}],"curies":[{"name":"wp","href":"https:\/\/api.w.org\/{rel}","templated":true}]}}