{"id":249,"date":"2014-01-25T17:07:32","date_gmt":"2014-01-25T16:07:32","guid":{"rendered":"http:\/\/abicyclediary.com\/?page_id=249"},"modified":"2014-01-27T17:46:00","modified_gmt":"2014-01-27T16:46:00","slug":"hygiene-und-medikamente","status":"publish","type":"page","link":"https:\/\/abicyclediary.com\/?page_id=249","title":{"rendered":"Hygiene und Medikamente"},"content":{"rendered":"<h2><span style=\"color: #000000;\">Hygiene<\/span><\/h2>\n<ul>\n<li><span style=\"color: #000000;\">Zahnpaste, Zahnb\u00fcrste, Zahnseide<\/span><\/li>\n<li><span style=\"color: #000000;\">Nagelschere, Pinzette<\/span><\/li>\n<li><span style=\"color: #000000;\">Nassrasierer, Schere, kleiner Kamm<br \/>\n<\/span><\/li>\n<li><span style=\"color: #000000;\">1 Reisehandtuch<\/span><\/li>\n<li><span style=\"color: #000000;\">Hautcreme<\/span><\/li>\n<li><span style=\"color: #000000;\">Sonnencreme<\/span><\/li>\n<li><span style=\"color: #000000;\">Kernseife<\/span><\/li>\n<li><span style=\"color: #000000;\">Toilettenpapier<\/span><\/li>\n<li><span style=\"color: #000000;\">Desinfektionst\u00fccher<\/span><\/li>\n<li><span style=\"color: #000000;\">Hirschtalg <\/span><\/li>\n<li><span style=\"color: #000000;\">Kulturbeutel<\/span><\/li>\n<\/ul>\n<p><span style=\"color: #000000;\">Um kleine Wehwehchen, leichte gesundheitliche Beschwerden oder Wundpflege nach Unf\u00e4llen richtig behandeln zu k\u00f6nnen, muss selbstverst\u00e4ndlich eine Reiseapoteke mit ins Gep\u00e4ck. Hier muss Gottseidank nicht so sehr aufs Gewicht geschaut werden. Nat\u00fcrlich w\u00fcnscht man sich kein einziges Mittel zu ben\u00f6tigen, aber man wei\u00df ja nie&#8230;<\/span><\/p>\n<h2><span style=\"color: #000000;\">Medikamente<\/span><\/h2>\n<ul>\n<li><span style=\"color: #000000;\">Breitbandantibiotika<\/span><\/li>\n<li><span style=\"color: #000000;\">Schmerztabletten und entz\u00fcndungshemmende Mittel (z.B. Volaten Resinat)<\/span><\/li>\n<li><span style=\"color: #000000;\">Wunddesinfektion (Betaisodona)<\/span><\/li>\n<li><span style=\"color: #000000;\">Malarone + Fieberthermometer (in entsprechenden Regionen bei Fieber sofort anwenden)<br \/>\n<\/span><\/li>\n<li><span style=\"color: #000000;\">Paracetamol (Kopfschmerzen)<\/span><\/li>\n<li><span style=\"color: #000000;\">\u00dcbelkeit<\/span><\/li>\n<li><span style=\"color: #000000;\">Durchfall<\/span><\/li>\n<li><span style=\"color: #000000;\">Insektenstiche<\/span><\/li>\n<li><span style=\"color: #000000;\">verschiedene Pflaster<\/span><\/li>\n<li><span style=\"color: #000000;\">Mullbinden, selbstklebend und klassisch; Kompressen<\/span><\/li>\n<li><span style=\"color: #000000;\">Rettungsdecke<\/span><\/li>\n<li><span style=\"color: #000000;\">erste Hilfe Handschuhe<\/span><\/li>\n<li><span style=\"color: #000000;\">2 sterile Kan\u00fclen, falls die hygienischen Bedingungen beim Arzt mal nicht den Vorstellungen entsprechen (wiegt nicht viel und kann im Notfall hilfreich sein)<\/span><\/li>\n<\/ul>\n","protected":false},"excerpt":{"rendered":"<p>Hygiene Zahnpaste, Zahnb\u00fcrste, Zahnseide Nagelschere, Pinzette Nassrasierer, Schere, kleiner Kamm 1 Reisehandtuch Hautcreme Sonnencreme Kernseife Toilettenpapier Desinfektionst\u00fccher Hirschtalg Kulturbeutel Um kleine Wehwehchen, leichte gesundheitliche Beschwerden oder Wundpflege nach Unf\u00e4llen richtig behandeln zu k\u00f6nnen, muss selbstverst\u00e4ndlich eine Reiseapoteke mit ins Gep\u00e4ck. Hier muss Gottseidank nicht so sehr aufs Gewicht geschaut werden. Nat\u00fcrlich w\u00fcnscht man sich kein&#8230;<\/p>\n","protected":false},"author":2,"featured_media":0,"parent":55,"menu_order":5,"comment_status":"open","ping_status":"open","template":"","meta":[],"_links":{"self":[{"href":"https:\/\/abicyclediary.com\/index.php?rest_route=\/wp\/v2\/pages\/249"}],"collection":[{"href":"https:\/\/abicyclediary.com\/index.php?rest_route=\/wp\/v2\/pages"}],"about":[{"href":"https:\/\/abicyclediary.com\/index.php?rest_route=\/wp\/v2\/types\/page"}],"author":[{"embeddable":true,"href":"https:\/\/abicyclediary.com\/index.php?rest_route=\/wp\/v2\/users\/2"}],"replies":[{"embeddable":true,"href":"https:\/\/abicyclediary.com\/index.php?rest_route=%2Fwp%2Fv2%2Fcomments&post=249"}],"version-history":[{"count":2,"href":"https:\/\/abicyclediary.com\/index.php?rest_route=\/wp\/v2\/pages\/249\/revisions"}],"predecessor-version":[{"id":251,"href":"https:\/\/abicyclediary.com\/index.php?rest_route=\/wp\/v2\/pages\/249\/revisions\/251"}],"up":[{"embeddable":true,"href":"https:\/\/abicyclediary.com\/index.php?rest_route=\/wp\/v2\/pages\/55"}],"wp:attachment":[{"href":"https:\/\/abicyclediary.com\/index.php?rest_route=%2Fwp%2Fv2%2Fmedia&parent=249"}],"curies":[{"name":"wp","href":"https:\/\/api.w.org\/{rel}","templated":true}]}}