{"id":55,"date":"2014-01-02T16:05:01","date_gmt":"2014-01-02T14:05:01","guid":{"rendered":"http:\/\/abicyclediary.com\/?page_id=55"},"modified":"2014-01-27T18:59:26","modified_gmt":"2014-01-27T17:59:26","slug":"material","status":"publish","type":"page","link":"https:\/\/abicyclediary.com\/?page_id=55","title":{"rendered":"Ausr\u00fcstung"},"content":{"rendered":"<p><span class=\"dropcap \">W<\/span>as braucht man alles auf Tour?<\/p>\n<blockquote><p><a title=\"Technik\" href=\"http:\/\/abicyclediary.com\/material\/technik\/\">Technik<\/a><br \/>\nAuch wenn man sich vornimmt, mit so wenig Technik als m\u00f6glich zu verreisen muss doch ein bisschen was mit&#8230;<\/p>\n<p><a title=\"Bekleidung\" href=\"http:\/\/abicyclediary.com\/material\/bekleidung\/\">Bekleidung<\/a><br \/>\nSchnee, Regen, Sonne, Wind &#8211; auf dem Rad und unter Leuten&#8230; und doch so wenig als m\u00f6glich. Sicherlich kein leichtes Vorhaben.<\/p><\/blockquote>\n<blockquote><p><a title=\"Camping\" href=\"http:\/\/abicyclediary.com\/material\/camping\/\">Campingausr\u00fcstung<\/a><br \/>\nWenn mal keine herk\u00f6mmliche Unterkunft verf\u00fcgbar ist&#8230;<\/p>\n<p><a title=\"Hygiene und Medikamente\" href=\"http:\/\/abicyclediary.com\/material\/hygiene-und-medikamente\/\">Hygiene &amp; Medikamente<\/a><br \/>\nImmer sch\u00f6n &#8220;sauber&#8221; bleiben &amp; hoffen, dass nichts passiert<\/p><\/blockquote>\n<blockquote><p><a title=\"Fahrrad\" href=\"http:\/\/abicyclediary.com\/material\/fahrrad\/\">Fahrradequipment<\/a><br \/>\nWelches Fahrrad f\u00fcr eine 15.000 km Tour?<br \/>\nEin Fahrrad und was noch?<\/p><\/blockquote>\n<p>&nbsp;<\/p>\n<p>&nbsp;<\/p>\n<p>&nbsp;<\/p>\n<p>&nbsp;<\/p>\n<p>&nbsp;<\/p>\n","protected":false},"excerpt":{"rendered":"<p>as braucht man alles auf Tour? Technik Auch wenn man sich vornimmt, mit so wenig Technik als m\u00f6glich zu verreisen muss doch ein bisschen was mit&#8230; Bekleidung Schnee, Regen, Sonne, Wind &#8211; auf dem Rad und unter Leuten&#8230; und doch so wenig als m\u00f6glich. Sicherlich kein leichtes Vorhaben. Campingausr\u00fcstung Wenn mal keine herk\u00f6mmliche Unterkunft verf\u00fcgbar&#8230;<\/p>\n","protected":false},"author":2,"featured_media":0,"parent":0,"menu_order":2,"comment_status":"open","ping_status":"open","template":"","meta":[],"_links":{"self":[{"href":"https:\/\/abicyclediary.com\/index.php?rest_route=\/wp\/v2\/pages\/55"}],"collection":[{"href":"https:\/\/abicyclediary.com\/index.php?rest_route=\/wp\/v2\/pages"}],"about":[{"href":"https:\/\/abicyclediary.com\/index.php?rest_route=\/wp\/v2\/types\/page"}],"author":[{"embeddable":true,"href":"https:\/\/abicyclediary.com\/index.php?rest_route=\/wp\/v2\/users\/2"}],"replies":[{"embeddable":true,"href":"https:\/\/abicyclediary.com\/index.php?rest_route=%2Fwp%2Fv2%2Fcomments&post=55"}],"version-history":[{"count":21,"href":"https:\/\/abicyclediary.com\/index.php?rest_route=\/wp\/v2\/pages\/55\/revisions"}],"predecessor-version":[{"id":317,"href":"https:\/\/abicyclediary.com\/index.php?rest_route=\/wp\/v2\/pages\/55\/revisions\/317"}],"wp:attachment":[{"href":"https:\/\/abicyclediary.com\/index.php?rest_route=%2Fwp%2Fv2%2Fmedia&parent=55"}],"curies":[{"name":"wp","href":"https:\/\/api.w.org\/{rel}","templated":true}]}}