{"id":57,"date":"2014-01-02T16:05:15","date_gmt":"2014-01-02T14:05:15","guid":{"rendered":"http:\/\/abicyclediary.com\/?page_id=57"},"modified":"2014-01-21T16:35:33","modified_gmt":"2014-01-21T15:35:33","slug":"route","status":"publish","type":"page","link":"https:\/\/abicyclediary.com\/?page_id=57","title":{"rendered":"Route"},"content":{"rendered":"<p><span class=\"dropcap \">W<\/span>o gehts hin?<br \/>\nGrunds\u00e4tzlich ist die Strecke sehr simpel zu beschreiben&#8230;<br \/>\nIch steige in Wien aufs Fahrrad und von dann gehts mehr oder weniger kontinuierlich Richtung Osten. Das Ziel liegt am Endbahnhof der Transsibirischen Eisenbahn. Von Wladiwostok aus geht es dann mit dem Zug wieder zur\u00fcck in die Heimat.<\/p>\n<p>Etwas konkreter sieht es folgenderma\u00dfen aus:<br \/>\nVon Wien aus folge ich dem Donauradweg in Richtung Schwarzes Meer. Dabei werden die Slowakei, Ungarn, Serbien, Rum\u00e4nien und Bulgarien durchquert, bis dann in Insanbul der Asiatische Kontient betreten wird.<br \/>\nIn der T\u00fcrkei werde ich an der Schwarzmeerk\u00fcste entlangfahren und schlie\u00dflich in Trabzon versuchen, mein Visum f\u00fcr den Iran zu beantragen. Von der T\u00fcrkei aus m\u00f6chte ich noch durch Georgien und Armenien reisen, bevor ich dann in den Iran einreise.<\/p>\n<p>Von hier an gilt nun Visumspflicht in nahezu jedem Land. Aktuell ist nur Kirgistan visumsfrei&#8230;<br \/>\nAls erste H\u00e4rtepr\u00fcfung wird sich die Durchquerung von Turkmenistan erweisen. F\u00fcr Turkmenistan werden leider nur Transitvisa mit einer Geltungsdauer von 5 Tagen ausgestellt. F\u00fcr die etwa 500 km lange Strecke hoffe ich auf gute Wetterbedingungen. Starker Wind hat dort schon viele Radler in die Knie gezwungen.<br \/>\n\u00dcber Usbekistan werde ich dann nach Tadschikistan reisen um dem vielbeschriebenen &#8220;Pamir Highway&#8221; zu folgen. Auf diese Etappe freue ich mich schon ganz besonders, wird dies doch vorraussichtlich die erste Hochgebirgsstrecke werden. Meine ersten 7000er werden hier zu sehen sein.<\/p>\n<p>Von Tadschikistan aus f\u00fchrt die Route schlie\u00dflich weiter in Richtung Kirgistan, das erste Land ohne Visumspflicht. Nun hei\u00dft es die Visa f\u00fcr Kasachstan und China zu beantragen. Da das China Visum nicht in Kirgistan beantragt werden kann, werde ich hier vermutlich auf die Dienste einer Visa-Agentur in \u00d6sterreich zur\u00fcckgreifen m\u00fcssen.<br \/>\nKirgistan werde ich im Nordosten verlassen und eine kurze Etappe in Kasachstan radeln. Ziel ist es, in China so weit \u00f6stlich als m\u00f6glich einzureisen, um die knapp 4000 km innerhalb von 60 Tagen absolvieren zu k\u00f6nnen. Grund f\u00fcr den etwas strengen Zeitplan ist die aktuelle Visa Situation in China. Meist werden aktuell nur noch 30 Tage Visa mit einer Verl\u00e4ngerung vor Ort ausgestellt, was die maximale Verweildauer im Land auf leider nur 2 Monate begrenzt.<\/p>\n<p>Der Kompass zeigt nun wieder konstant nach Osten. Unterhalb der Mongolei geht die Reise auf direktem Weg in Richtung Peking. In Peking angekommen entscheidet die verbleibende Visumsdauer \u00fcber die weitere Reise. Entweder kann der Weg in Richtung Wladiwostok auf dem Landweg angetreten werden, oder ich mache noch einen Abstecher mit der F\u00e4hre nach S\u00fcdkorea. Von dort aus gibt es regelm\u00e4\u00dfige F\u00e4hrverbindungen nach Wladiwostok.<\/p>\n<p>Dort angekommen stehen mir einige Tage Zugfahrt in Richtung Moskau bevor. Tausende Kilometer, welche zuvor m\u00fchsam bew\u00e4ltigt wurden werden nun in Windeseile in entgegengesetzter Richtung zur\u00fcckgelegt.<\/p>\n<p>Aber ja&#8230; bis dorthin ist es noch ein weiter Weg von Wien aus.<br \/>\nEs wird sich zeigen, wieviel von der geplanten Route schlussendlich auch umgesetzt werden kann.<br \/>\n-&gt; Im Hinterkopf bleibt stets: immer Richtung Osten!<\/p>\n<p>\u00dcbrigens&#8230; auf der Startseite wird die Strecke regelm\u00e4\u00dfig mit Wegpunkten erweitert. Dadurch l\u00e4sst sich sehr sch\u00f6n der aktuelle Standort feststellen. (zumindest der Standort des letzten Blog-Eintrags)<\/p>\n","protected":false},"excerpt":{"rendered":"<p>o gehts hin? Grunds\u00e4tzlich ist die Strecke sehr simpel zu beschreiben&#8230; Ich steige in Wien aufs Fahrrad und von dann gehts mehr oder weniger kontinuierlich Richtung Osten. Das Ziel liegt am Endbahnhof der Transsibirischen Eisenbahn. Von Wladiwostok aus geht es dann mit dem Zug wieder zur\u00fcck in die Heimat. Etwas konkreter sieht es folgenderma\u00dfen aus:&#8230;<\/p>\n","protected":false},"author":2,"featured_media":0,"parent":0,"menu_order":1,"comment_status":"open","ping_status":"open","template":"","meta":[],"_links":{"self":[{"href":"https:\/\/abicyclediary.com\/index.php?rest_route=\/wp\/v2\/pages\/57"}],"collection":[{"href":"https:\/\/abicyclediary.com\/index.php?rest_route=\/wp\/v2\/pages"}],"about":[{"href":"https:\/\/abicyclediary.com\/index.php?rest_route=\/wp\/v2\/types\/page"}],"author":[{"embeddable":true,"href":"https:\/\/abicyclediary.com\/index.php?rest_route=\/wp\/v2\/users\/2"}],"replies":[{"embeddable":true,"href":"https:\/\/abicyclediary.com\/index.php?rest_route=%2Fwp%2Fv2%2Fcomments&post=57"}],"version-history":[{"count":7,"href":"https:\/\/abicyclediary.com\/index.php?rest_route=\/wp\/v2\/pages\/57\/revisions"}],"predecessor-version":[{"id":226,"href":"https:\/\/abicyclediary.com\/index.php?rest_route=\/wp\/v2\/pages\/57\/revisions\/226"}],"wp:attachment":[{"href":"https:\/\/abicyclediary.com\/index.php?rest_route=%2Fwp%2Fv2%2Fmedia&parent=57"}],"curies":[{"name":"wp","href":"https:\/\/api.w.org\/{rel}","templated":true}]}}