{"id":778,"date":"2014-03-11T20:51:54","date_gmt":"2014-03-11T19:51:54","guid":{"rendered":"http:\/\/abicyclediary.com\/?page_id=778"},"modified":"2015-04-22T11:37:55","modified_gmt":"2015-04-22T09:37:55","slug":"visum","status":"publish","type":"page","link":"https:\/\/abicyclediary.com\/?page_id=778","title":{"rendered":"Visum"},"content":{"rendered":"<p>Hier meine Erfahrungen zur Beantragung der einzelnen Visa. Bitte beachten, dass sich die Anforderungen bei unterschiedlichen Nationalit\u00e4ten unterscheiden k\u00f6nnen. Alle Angaben in meinen Berichten gelten f\u00fcr deutsche Staatsb\u00fcrger!<\/p>\n<h2>Iranvisum<\/h2>\n<p>Das Visum f\u00fcr den Iran habe ich in Trabzon beantragt. Es gab leichte Schwierigkeiten, da im Pass, der f\u00fcr das Visum vorgesehen war, kein Einreisestempel in die T\u00fcrkei war. Wenn man diesen Punkt beiseite l\u00e4sst, war die Beantragung v\u00f6llig einfach und v.a. SCHNELL!!!<\/p>\n<p>Kurz zusammengefasst, was wichtig ist (Stand M\u00e4rz 2014):<br \/>\nDas Konsulat hat Montag bis Freitag jeweils ab 9 Uhr ge\u00f6ffnet. Nat\u00fcrlich geht man in der Fr\u00fch hin. Als Deutscher ben\u00f6tigt man einen Reisepass ohne Hinweis auf die Einreise nach Israel, ein Passbild und sonst nichts. Beim Antragsformular wird nach einer Adresse im Iran gefragt. Also am besten vorher ein paar Sachen rausschreiben.<br \/>\nGrenz\u00fcbergang, Orte die besichtigt werden, Grund der Reise (Tourist ist am einfachsten), Kontaktperson im Iran (ich habe wahllos einen Warmshowers Kontakt angegeben, eine Hoteladresse geht aber sicherauch), Adresse des Arbeitgebers, Menge an Geld, die in den Iran eingef\u00fchrt wird (ich habe 1500 US Dollar angegeben), Grenz\u00fcbergang f\u00fcr die Ausreise.<\/p>\n<p>Ich habe f\u00fcr 60 Tage das Visum beantragt, allerdings nur 30 Tage bekommen. Offensichtlich gibt es aktuell in Trabzon f\u00fcr die meisten Europ\u00e4er nur 30 Tage. Zwei Belgier die mit mir dort waren haben nur 21 Tage bekommen.<\/p>\n<p>Nachdem der Antragbogen ausgef\u00fcllt wurde, erh\u00e4lt man einen Zettel mit dem man zur IS Bank im Stadtzentrum geht (ca 10min zu Fu\u00df). Dort zahlt man 75 EUR ein und bekommt einen Einzahlungsbeleg. Jetzt hei\u00dft es nur noch warten bis um 16:30 Uhr, dann kann das Visum abgeholt werden.<br \/>\nEin sehr hilfreicher Link, der die Situation vor Ort detailliert beschreibt findet sich hier:\u00a0<a href=\"http:\/\/dontstopliving.net\/how-to-get-an-iran-visa-in-trabzon-turkey\/\">http:\/\/dontstopliving.net\/how-to-get-an-iran-visa-in-trabzon-turkey\/<\/a><\/p>\n<address>3 Visa in Tehran:<\/address>\n<h2>Uzbekistan<\/h2>\n<p>Das Visum f\u00fcr Uzbekistan habe ich in Tehran beantragt. Das Uzbekische Visum ist Vorraussetzung, um ein Transitvisum f\u00fcr Turkmenistan zu erhalten.<br \/>\nZur Beantragung geht man nicht zur Botschaft, sondern zum Konsulat. Als Deutscher braucht man keinen Letter of Invitation mehr, allerdings wird eine Art Empfehlungsschreiben von der Deutschen Botschaft verlangt. Bei der Deutschen Botschaft am besten gleich f\u00fcr Uzbekistan, Tajikistan und Turkmenistan das Empfehlungsschreiben ausstellen lassen. Kostenpunkt 25 EUR pro Schreiben, daf\u00fcr bekommt man es aber auch gleich nach einer halben Stunde. Franzosen, Italiener und Belgier mussten nichts zahlen, daf\u00fcr aber zwei Tage darauf warten&#8230;<br \/>\nDas Antragsformular muss bereits im Vorfeld ausgef\u00fcllt werden. Vor Ort gibt es keinen Formulare!<br \/>\nPasskopie, 2 Passbilder, 1 Empfehlungsschreiben der Botschaft und das Antragsformular (2x gedruckt) abgeben und nach einer Woche das Visum abholen. Man muss den Tag der Einreise exakt angeben. Ab diesem Tag l\u00e4uft die Dauer des Visums.<br \/>\nDas Konsulat befindet sich in der N\u00e4he der Chinesischen Botschaft. Es zahlt sich aus, vor 9 da zu sein, um sich auf den Zettel am Tor einzutragen. Neben den wenigen Individualtouristen warten meist Angestellte von Reiseb\u00fcros mit ganzen Taschen voller Reisep\u00e4ssen&#8230; Zum Abgeben des Antragsformulars muss man sich aber eigentlich nicht anstellen. Da hilft es oft, sich einfach frech vorzudr\u00e4ngen.<br \/>\nZum Abholen muss man dann aber warten. Wenn man rechtzeitig vor Ort war hei\u00dft es hoffen, dass man das Visum so fr\u00fch als m\u00f6glich in H\u00e4nden h\u00e4lt, um gleich im Anschluss zum Turkmenischen Konsulat zu fahren. Dazu aber mehr unter &#8220;Turkmenistan&#8221;<br \/>\nDeutsche zahlen 75 Dollar f\u00fcr das Visum. Ich habe 30 Tage beantragt. Erreichen l\u00e4sst sich das Konsulat von der Metro-Station Gheytarieh, von dort aus ist es am einfachsten, ein Taxi zu nehmen. Mit Adressen ist es in Tehran immer etwas schwierig, also am besten nach dem Sefarat Uzbekistan fragen&#8230;<br \/>\nIch konnte mein Visum p\u00fcnktlich nach einer Woche abholen.<br \/>\n\u00d6ffnungszeiten Sonntag &#8211; Donnerstag 9-11 Uhr.<\/p>\n<h2>Tajikistan<\/h2>\n<p>Gleich nachdem ich mein Visum f\u00fcr Uzbekistan beantragt habe, bin ich zum Konsulat von Tajikistan. Mit dem Taxi sind es nur ein paar Minuten (Zeynali Street; 3rd; Abzweigung von der M.Poor Ebtebaj Street).<br \/>\nAntragsformular (2fach), Ausweiskopie, 1 Passbild und das Empfehlungsschreiben der Botschaft abgeben und nach 5 Arbeitstagen das Visum abholen. Das Permit f\u00fcr den Pamir-Highway bekommt man leider nicht in Tehran. Beantragung in Dushanbe m\u00f6glich.<br \/>\n\u00d6ffnungszeiten sind sehr moderat: 9-17 Uhr; Kostenpunkt 25 Dollar. Als ich das Visum beantragt habe und auch beim Abholen gab es keine Warteschlange.<\/p>\n<h2>Turkmenistan<\/h2>\n<p>Bei der Beantragung des Visums f\u00fcr Turkmenistan steht man ein wenig unter Zeitdruck. M\u00f6glichst bald beim Konsulat von Uzbekistan sei, um das VIsum in Empfang zu nehmen, dann gleich mit dem Taxi weiter zum Konsulat von Turkmenistan. Es empfiehlt sich hier wirklich auf das Taxi zur\u00fcckzugreifen, weil sonst die Zeit nicht reicht.<br \/>\n\u00d6ffnungszeiten Montag bis Donnerstag 9-11 Uhr. Adresse: Barati STreet 34 (Vatanpoor \/ Lavasani Street)<br \/>\nWichtig ist, dass man das Uzbekische Visum und den Pass in Farbe kopieren l\u00e4sst. Darauf wird neuerdings offenbar Wert gelegt. Also zuerst einen Copy-Shop aufsuchen und dann zum Konsulat. Ich habe einfach alle Unterlagen, die ich hatte (Passkopie, Visakopie, Passbild, Empfehlungsschreiben und Motivationsschreiben) durch die Luke geschoben und darauf gehofft, irgendwann ein Formular f\u00fcr den Antrag zu erhalten. Schlussendlich hat auch alles problemlos geklappt. Es warten in der Regel ziemlich viele Leute vor dem kleinen Fenster in der Mauer und sobald sich die Luke \u00f6ffnet wird es hektisch. In der Regel kann man aber alles abwarten. Wichtig ist nur, dass die Unterlagen f\u00fcr das Antragsformular vor 11 Uhr durch die Luke wandern.<br \/>\nDas &#8220;Motivationsschreiben&#8221; sollte Name, Route, Verkehrsmittel, Ein- und Ausreiseort und das Datum der Ein- und Ausreise enthalten.<br \/>\nNach etwas Wartezeit gibt es dann das Formular zum eigentlichen Antrag f\u00fcr das Visum. Das ganze Paket dann wieder abgeben und nur darauf hinweisen, dass man das Visum in Mashhad abholen m\u00f6chte.<br \/>\nNach einer Woche kann man in Mashhad das Visum abholen.<br \/>\nIn Mashhad hat das Konsulat Freitag und Sonntag geschlossen!. Sonst t\u00e4glich von 8:30 bis 12 Uhr. Man ben\u00f6tigt ein Passbild und erneut eine Kopie von Ausweis und Visum f\u00fcr Uzbekistan. Diesmal reicht schwarz-wei\u00df, daf\u00fcr muss die Kopie aber auf einer Seite sein. Direkt an der Hauptstra\u00dfe befindet sich ein Copy-shop wo sie schon ganz genau wissen, wie es zu machen ist.<br \/>\nNachdem das zweite Formular abgegeben wurde und 55 Dollar den Besitzer gewechselt haben, wartet man eine Stunde und dann kann man das Visum in Empfang nehmen.<\/p>\n<p>Res\u00fcmee zur Visabeantragung in Tehran:<br \/>\nF\u00fcr alle drei Visa reicht eine Passkopie. Den Reisepass kann man stets behalten. Im Grunde kann man zumindest als Deutscher die Beantragung der Visa f\u00fcr Uzbekistan und Tajikistan an einem Tag erledigen. Die Deutsche Botschaft \u00f6ffnet n\u00e4mlich schon um 7 Uhr. Wenn man den Deutschen Pass herzeigt, kann man auch an der Schlange vorbei&#8230;<br \/>\nDanach hat man eine Woche zur freien Verf\u00fcgung. F\u00fcr das Abholen und das Beantragen des Visums f\u00fcr Turkmenistan ist dann wieder ein Tag einzuplanen.<br \/>\nIn Mashhad erh\u00e4lt man das Visum innerhalb einer Stunde.<\/p>\n<p>Kleine Empfehlung am Rande&#8230; das Visum f\u00fcr <b><span style=\"text-decoration: underline;\">China<\/span><\/b> ist nach Erfahrungsberichten von einigen Radreisenden am einfachsten in Tehran zu beantragen. Manche haben hier sogar ein 3-Monats-Visum erhalten. Ich habe leider nicht daran gedacht, das Visum hier zu beantragen.<\/p>\n<h2>Kasachstan<\/h2>\n<p>Wenn man schnell ein Visum f\u00fcr Kasachstan ben\u00f6tigt, empfehle ich Dushanbe&#8230;<br \/>\nIch bin am Montag Fr\u00fch zum Konsulat gegangen und habe vor Ort den Antrag ausgef\u00fcllt. Man ben\u00f6tigt ein Passbild und eine Kopie des Reisepasses, inkl. Visum f\u00fcr Tajikistan. An sich h\u00e4tte ich bis zum Ende der Woche warten m\u00fcssen, doch wenn man freundlich bittet, gehts auch etwas schneller.<br \/>\nIch ging dann schon am n\u00e4chsten Morgen wieder zum Konsulat. Man bekommt einen Zettel in die Hand gedr\u00fcckt mit dem man zur nahe gelegenen KazKom Bank geht und dort 30 Dollar einzahlt. Mit dem Einzahlungsbeleg gehts dann zur\u00fcck zum Konsulat und man kann den Reisepass samt Visum in Empfang nehmen.<br \/>\nGPS Position Konsulat: 38,56853 \/ 68,78914<br \/>\nGPS Position Bank: 38,56204 \/ 68,79564<br \/>\nBeim Visumsantrag wird zwar nach dem genauen Einreisedatum gefragt, das Visum kann aber ab Beantragungsdatum 3 Monate lang &#8220;eingel\u00f6st&#8221; werden. Ab dem Datum der Einreise gelten die 30 Tage. Einmal Eintritt 30 Dollar, Zweifach Eintritt 60 Dollar usw.<\/p>\n<h2>China<\/h2>\n<p>Nachdem ich es leider verabs\u00e4umt hatte, in Tehran das chinesische Visum zu beantragen, musste ich in Bishkek auf eine Agentur zur\u00fcckgreifen. Meines Wissens existieren zur Zeit zwei Agenturen, die Visa f\u00fcr China besorgen. Einerseits die vielzitierte Mrs. Liu und andererseits die weniger bekannte Reiseagentur BAIMA. Ich hatte mich f\u00fcr letztere entschieden, weil mir der Anforderungskatalog von Mrs. Liu etwas zu streng vorkam. Wenn ich schon Geld f\u00fcr eine Agentur ausgeben muss, dann will ich auch so wenig Arbeit wie m\u00f6glich haben.<br \/>\nAlles was ich erledigen musste, war ein neues Passbild anfertigen zu lassen. China hat wieder ganz spezielle Anforderungen an das Bild. Dies geht soweit, dass sogar die Gesichtsproportionen per Photoshop ver\u00e4ndert werden, nur um in das Raster zu passen.<br \/>\nEine ganz gute Beschreibung zu China-Visum findet man auch unter: http:\/\/www.twoonfourwheels.com\/visas-2\/china-visa<br \/>\nIch war Freitags bei der Agentur und konnte eine Woche sp\u00e4ter, Freitag Mittag mein Visum in Empfang nehmen. Bis auf das Passbild und den Pass musste ich nichts beisteuern. Kostenpunkt 100 Dollar.<\/p>\n<p><em>Registrierung in Kirgistan<\/em>:<\/p>\n<p>Offiziell muss man sich in Kirgistan nicht registrieren. Wenn man aber ein chinesisches Visum beantragen will, ist eine Registrierung erforderlich. Ich hatte meine Registrierung in Osh durchf\u00fchren lassen. Kostenpunkt 120 SOM (ca. 2,50 Dollar). Viele Beamte beim OVIR kennen die Anforderungen der chinesischen Botschaft nicht und verneinen die Registrierung mit dem Verweis, dass keine Registrierung erforderlich ist. Wenn man sich ordentlich Geld sparen will, empfiehlt es sich hierbei hartn\u00e4ckig zu sein und auf einer Registrierung zu bestehen.<\/p>\n<p>&nbsp;<\/p>\n<h2>Russland<\/h2>\n<p>Dank der ver\u00e4nderten Visabestimmungen war es, zumindest f\u00fcr Deutsche Staatsb\u00fcrger, nicht m\u00f6glich ein Visum f\u00fcr Russland von unterwegs zu beantragen. Visa bekommt man im Moment nur vom Heimatland aus&#8230; Nun kommt zum ersten Mal der zweite Reisepass zum Einsatz. Von Kirgistan aus schicke ich selbigen samt des ausgef\u00fcllten Antrags an eine Agentur in M\u00fcnchen (Visa-Service Bonn).<\/p>\n<p>Bis nach S\u00fcdkorea bin ich ja noch mit g\u00fcltigen Visa ausgestattet, also terminlich \u00fcberhaupt kein Problem. In S\u00fcdkorea bekomme ich dann Besuch aus \u00d6sterreich und erhalten dann dort den Pass mit dem Visum f\u00fcr Russland. Der Passwechsel von S\u00fcdkorea nach Russland stellt dieses Mal \u00fcberhaupt kein Problem dar.<\/p>\n<p>Leider gibt es nur 30 Tage und der Tag der Einreise muss ebenfalls exakt angegeben werden, es ist also wieder mal genaues Timing erforderlich.<\/p>\n<p>F\u00fcr dieses riesengro\u00dfe Land w\u00e4ren durchaus ein paar Extratage sch\u00f6n gewesen, aber was solls&#8230; Immerhin bin ich ja schon auf der Heimreise. Zum Gl\u00fcck entscheide ich mich f\u00fcr die Transsibirische Eisenbahn, ansonsten h\u00e4tte ich das Land nicht binnen vier Wochen durchqueren k\u00f6nnen.<\/p>\n<p>Der Kontakt mit der Agentur verlief recht problemlos. Via Mail hatte ich im Vorfeld bereits \u00fcber alle relevanten Fragen gekl\u00e4rt und so kam es zu keinerlei Schwierigkeiten. Ehrlicherweise muss man aber sagen, dass dieser Service auch mit Geb\u00fchren verbunden ist. Parallel zu den Visa-Geb\u00fchren sind noch Kosten f\u00fcr Bearbeitung und Porto zu entrichten.<\/p>\n","protected":false},"excerpt":{"rendered":"<p>Hier meine Erfahrungen zur Beantragung der einzelnen Visa. Bitte beachten, dass sich die Anforderungen bei unterschiedlichen Nationalit\u00e4ten unterscheiden k\u00f6nnen. Alle Angaben in meinen Berichten gelten f\u00fcr deutsche Staatsb\u00fcrger! Iranvisum Das Visum f\u00fcr den Iran habe ich in Trabzon beantragt. Es gab leichte Schwierigkeiten, da im Pass, der f\u00fcr das Visum vorgesehen war, kein Einreisestempel in&#8230;<\/p>\n","protected":false},"author":2,"featured_media":0,"parent":0,"menu_order":6,"comment_status":"open","ping_status":"open","template":"","meta":[],"_links":{"self":[{"href":"https:\/\/abicyclediary.com\/index.php?rest_route=\/wp\/v2\/pages\/778"}],"collection":[{"href":"https:\/\/abicyclediary.com\/index.php?rest_route=\/wp\/v2\/pages"}],"about":[{"href":"https:\/\/abicyclediary.com\/index.php?rest_route=\/wp\/v2\/types\/page"}],"author":[{"embeddable":true,"href":"https:\/\/abicyclediary.com\/index.php?rest_route=\/wp\/v2\/users\/2"}],"replies":[{"embeddable":true,"href":"https:\/\/abicyclediary.com\/index.php?rest_route=%2Fwp%2Fv2%2Fcomments&post=778"}],"version-history":[{"count":10,"href":"https:\/\/abicyclediary.com\/index.php?rest_route=\/wp\/v2\/pages\/778\/revisions"}],"predecessor-version":[{"id":2795,"href":"https:\/\/abicyclediary.com\/index.php?rest_route=\/wp\/v2\/pages\/778\/revisions\/2795"}],"wp:attachment":[{"href":"https:\/\/abicyclediary.com\/index.php?rest_route=%2Fwp%2Fv2%2Fmedia&parent=778"}],"curies":[{"name":"wp","href":"https:\/\/api.w.org\/{rel}","templated":true}]}}