{"id":82,"date":"2014-01-02T17:47:49","date_gmt":"2014-01-02T15:47:49","guid":{"rendered":"http:\/\/abicyclediary.com\/?page_id=82"},"modified":"2014-01-25T17:30:27","modified_gmt":"2014-01-25T16:30:27","slug":"organisatorisches","status":"publish","type":"page","link":"https:\/\/abicyclediary.com\/?page_id=82","title":{"rendered":"Organisatorisches"},"content":{"rendered":"<h2><span style=\"color: #000000;\">Visum<\/span><\/h2>\n<p><span style=\"color: #000000;\">Gr\u00f6\u00dfte H\u00fcrde einer unterbrechungsfreien Tour ist sicherlich die Visa Frage. Bis zur Iranischen Grenze l\u00e4sst sich die Reise g\u00e4nzlich ohne Visa bestreiten. Ab dann muss f\u00fcr nahezu jedes Land ein g\u00fcltiges Visum vorliegen. Dies bedarf einer gewissen Organisation und nat\u00fcrlich auch etwas Gl\u00fcck.<\/span><\/p>\n<p><span style=\"color: #000000;\">Von Vorteil ist es auf alle F\u00e4lle, zwei Reisep\u00e4sse mitzuf\u00fchren, um bei Bedarf einen Pass zur Botschaft im Heimatland zu schicken. Ein zweiter Reisepass kann problemlos beim Gemeindeamt beantragt werden. Ich musste z.B. einen kurzen Brief aufsetzen, weshalb ich einen zweiten Pass ben\u00f6tige&#8230; Mit einem Israelischen Stempel kann z.B. nicht in den Iran eingereist werden. Das ist schon mal ein Grund f\u00fcr einen Zweitpass. Altenrativ kann man sich aber auch auf die Beantragung von mehreren Visa gleichzeitig berufen.)<\/span><\/p>\n<p><span style=\"color: #000000;\">Grunds\u00e4tzlich ist zu empfehlen, ben\u00f6tigte Visa noch vor Ort zu beantragen, doch hier wird man schon mit der ersten Problematik konfrontiert. Das iranische Visum kann maximal 3 Monate im Vorfeld beantragt werden. Die Strecke bis in den Iran wird allerdings vermutlich knapp l\u00e4nger als 3 Monate in Anspruch nehmen. Daher muss auch das erste Visum unterwegs beantrag werden. Viele Quellen empfehlen die Visa Beantragung f\u00fcr den Iran im t\u00fcrkischen Trabzon durchzuf\u00fchren. Im Gegensatz zu Istanbul kann man das Visum hier teilweise schon nach einem Tag Wartezeit entgegennehmen.<\/span><\/p>\n<p><span style=\"color: #000000;\">Als sehr gute Informationsquelle eignet sich die Hompage des <a href=\"http:\/\/www.auswaertiges-amt.de\/DE\/Laenderinformationen\/SicherheitshinweiseA-Z-Laenderauswahlseite_node.html\">Ausw\u00e4rtigen Amtes<\/a>. Dort findet sich f\u00fcr jedes Land die relevante Info bez\u00fcglich Sicherheit, Einreisebestimmungen, Gesundheitsvorsorge etc.<\/span><\/p>\n<p><span style=\"color: #000000;\">F\u00fcr mich sind vorerst folgende L\u00e4nder interessant:<\/span><\/p>\n<ul>\n<li><span style=\"color: #000000;\">Georgien: Kann bis zu 360 Tage ohne Visum bereist werden (gilt zumindest f\u00fcr Deutsche Staatsb\u00fcrger)<\/span><\/li>\n<li><span style=\"color: #000000;\">Armenien: EU B\u00fcrger k\u00f6nnen sich bis zu 180 Tagen ohne Visum im Land aufhalten.<\/span><\/li>\n<li><span style=\"color: #000000;\">Iran: in der Regel werden 90 Tage Visa ausgestellt. Die Formalit\u00e4ten werden je nach Konsulat unterschiedlich gehandhabt. Teilweise wird eine Registrierungsnummer ben\u00f6tigt, teilweise nicht. Die Bestimmungen \u00e4ndern sich laufend und werden auch von unterschiedlichen Beamten unterschiedlich umgesetzt. Ein bisschen Gl\u00fcck ist hier also immer dabei.<\/span><\/li>\n<li><span style=\"color: #000000;\">Turkmenistan: Ein Touristenvisum ist relativ schwer zu beziehen, daher wird meist auf ein Transitvisum zur\u00fcckgegriffen. Dieses gilt in der Regel 5 Tage. Es muss der exakte Einreisetag angegeben werden. Um ein Transitvisum beantragen zu k\u00f6nnen, ist ein g\u00fcltiges Visum f\u00fcr Usbekistan erforderlich. Ab dem dritten Tag in Turkmenistan ist grunds\u00e4tzlich eine Registrierung erforderlich. Von manchen Seiten wurde aber berichtet, dass bei der Ausreise nicht sehr streng darauf geachtet wurde.<\/span><\/li>\n<li><span style=\"color: #000000;\">Usbekistan: Die Einreise nach Usbekistan muss ebenso wie bei Turkmenistan auf den Tag genau angegeben werden. In Usbekistan ist darauf zu achten, dass man sich sp\u00e4testens alle 72 Stunden registrieren l\u00e4sst. Anderenfalls ist mit empfindlichen Geldstrafen bei der Ausreise zu rechnen. Registrierungen k\u00f6nnen bei Hotels erfolgen. Allerdings d\u00fcrfen nicht alle Hotels Registrierungen ausstellen. Bei der Ausreise werden die Registrierungsnachweise \u00fcberpr\u00fcft.<\/span><\/li>\n<li><span style=\"color: #000000;\">Tadschikistan: Eine Registrierung ist erst ab einer Aufenthaltsdauer \u00fcber 30 Tagen erforderlich. F\u00fcr den Besuch der Pamir Gegend ist eine Genehmigung beim Beantragen des Visums notwendig.<\/span><\/li>\n<li><span style=\"color: #000000;\">Kirgistan: Seit 2012 kann Kirgistan bis zu einer Dauer von 60 Tagen ohne Visum bereist werden. In Kirgistan werde ich vermutlich auch meinen Pass &#8220;tauschen&#8221; und mein Zweitexemplar an ein Visum Kurier B\u00fcro in Wien schicken, um das Visum f\u00fcr Kasachstan und China zu beantragen.<\/span><\/li>\n<li><span style=\"color: #000000;\">Kasachstan: Visumpflichtig. Beantragung zum aktuellen Wissensstand nicht von Kirgistan aus m\u00f6glich, daher muss der Pass nach Hause geschickt werden.<\/span><\/li>\n<li><span style=\"color: #000000;\">China: Beantragung des Visums in Kirgistan nicht m\u00f6glich, daher wird der Pass nach Hause geschickt. Wenn viel Gl\u00fcck im Spiel ist, wird ein 60 Tage Visum ausgestellt, ich rechne aber mit einem 30 Tage Visum, das kurz vor Ablauf im Land in der Regel um weitere 30 Tage verl\u00e4ngert werden kann. Innerhalb von 60 Tagen sollte es m\u00f6glich sein, von der Grenze zu Kasachstan nach Peking zu gelangen.<\/span><\/li>\n<li><span style=\"color: #000000;\">Russische F\u00f6deration: Aus hier ist ein Visum erforderlich. Je nach Verlauf der Reise wird das Visum in S\u00fcdkorea, oder per Visa &#8211; Agentur beantragt. Die Beantragung des russischen Visums ist \u00e4hnlich wie beim Chinesischen Visum mit relativ vielen Nachweisen und Bescheinigungen verbunden.<\/span><\/li>\n<li><span style=\"color: #000000;\">S\u00fcdkorea: Kann bis zu 90 Tage ohne Visum bereist werden<\/span><\/li>\n<li><span style=\"color: #000000;\">Japan (Alternativplan): Kann bis zu 180 Tage ohne Visum bereist werden<\/span><\/li>\n<\/ul>\n<h2><span style=\"color: #000000;\">Geld<\/span><\/h2>\n<p><span style=\"color: #000000;\">Um unterwegs an Geld zu gelangen werde ich auf die viel erprobte VISA Karte zur\u00fcckgreifen. Einige Banken bieten weltweit gratis Geldbehebungen mit der VISA Karte an (z.B. DKB Bank, oder Comdirect bieten gratis Bargeldservice). Daf\u00fcr werden dann aber Geb\u00fchren beim Bezahlen mit der Karte erhoben. Andere Kreditkarten sind daf\u00fcr beim bezahlen ohne Geb\u00fchren&#8230; Daher ist es sinnvoll, verschiedene Karten mitzunehmen. Eine abgelaufene VISA Karte und wenig Bargeld werden in eine Geldtasche in der Lenkertasche wandern. Von diesem Paket kann man sich im Falle des Falles ohne gr\u00f6\u00dfere Verluste trennen.<\/span><\/p>\n<p><span style=\"color: #000000;\">Im Iran l\u00e4sst sich f\u00fcr Ausl\u00e4nder kein Geld beheben. Daher muss alles Geld, was ben\u00f6tigt wird vor der Grenze in Dollar behoben werden. Im Land k\u00f6nnen die Dollar umgetauscht werden. Ein paar Dollar f\u00fcr den Notfall helfen auf der Strecke aber sicher immer, da der Dollar gro\u00dfe Akzeptanz besitzt. Vorsicht vor sehr abgegriffenen Scheinen. Diese werden teilweise nicht akzeptiert!<\/span><\/p>\n<h2><span style=\"color: #000000;\">Ortientierung<\/span><\/h2>\n<p><span style=\"color: #000000;\">F\u00fcr die gesamte Reise ist es nahezu unm\u00f6glich Kartenmaterial mitzunehmen. \u00dcbersichtskarten helfen bei der groben Orientierung. Lokale Karten werde ich mir aber in den jeweiligen L\u00e4ndern besorgen. Nachdem ich ein Tablet mitf\u00fchre, werde ich auch offline Karten auf dem Tablet speichern. Anhand des GPS &#8211; Ortungsdienstes kann die lokale Position bestimmt werden. Um bei Fragen nach dem Weg aber nicht st\u00e4ndig das Tablet herumreichen zu m\u00fcssen werden physische Karten die prim\u00e4re Orientierung darstellen.<\/span><\/p>\n<h2><span style=\"color: #000000;\">Erreichbarkeit<\/span><\/h2>\n<p><span style=\"color: #000000;\">Grunds\u00e4tzlich bedeutet eine mehrmonatige Reise ja, dass man schwer erreichbar ist. Mit dem heimischen Handy kann man f\u00fcr wichtige Nachrichten aber trotzdem erreichbar bleiben. Ein Quadband Handy ist Grundvoraussetzung, um in Asien Empfang zu haben. Lokale SIM-Karten sparen die Roaming Geb\u00fchren f\u00fcr Telefonate vor Ort.<\/span><\/p>\n<p><span style=\"color: #000000;\">Ansonsten beschr\u00e4nkt sich der Austausch mit Freunden und Familie Zuhause prim\u00e4r auf das Internet.<\/span><\/p>\n<h2><span style=\"color: #000000;\">Reisedokumentation<\/span><\/h2>\n<p><span style=\"color: #000000;\">Die Dokumentation der Reise stellt durchaus eine kleine Herausvorderung dar. Ich habe mich dagegen entschieden, einen Laptop mit auf die Reise zu nehmen. Statt dessen habe ich mich f\u00fcr ein Tablet entschieden, da dieses weit weniger wiegt und dar\u00fcber hinaus auch noch mit den Nabendynamo geladen werden kann (\u00fcber den Umweg eines externen Akkus).<\/span><\/p>\n<p><span style=\"color: #000000;\">Fotos und Videos k\u00f6nnen auf das Tablet geladen und dort bearbeitet werden. Der Blog kann z.B. auch \u00fcber das Tablet gepflegt werden. Videobearbeitung st\u00f6\u00dft beim Tablet aber schnell an die Grenzen. Da empfielt es sich, in einem Internetcafe, bzw. auf bereitgestellten Computern mit portablen Programmen zu arbeiten. Auch sehr zu empfehlen ist es, einen Internet Browser auf dem USB Stick mitzuf\u00fchren. Dadurch lassen sich Lesezeichen, gespeicherte Passw\u00f6rter etc. problemlos von Computer zu Computer mitnehmen, ohne Eintr\u00e4ge zu hinterlassen. Es gibt auch Video und Bildbearbeitungssoftware f\u00fcr den portablen Einsatz. Open Office Portable erm\u00f6glicht die volle Nutzung des Office Pakets unterwegs.<\/span><\/p>\n<p><span style=\"color: #000000;\">Blogbeitr\u00e4ge k\u00f6nnen auch ohne Netzzugriff auf dem Tablet geschrieben werden und dann bei Netzverf\u00fcgbarkeit online gestellt werden.<\/span><\/p>\n<p><span style=\"color: #000000;\">\u00dcber die Dokumentation der Reise unterwegs l\u00e4sst sich aber nach der Reise sicher mehr sagen&#8230; Infos dazu also nach der R\u00fcckkehr!<\/span><\/p>\n","protected":false},"excerpt":{"rendered":"<p>Visum Gr\u00f6\u00dfte H\u00fcrde einer unterbrechungsfreien Tour ist sicherlich die Visa Frage. Bis zur Iranischen Grenze l\u00e4sst sich die Reise g\u00e4nzlich ohne Visa bestreiten. Ab dann muss f\u00fcr nahezu jedes Land ein g\u00fcltiges Visum vorliegen. Dies bedarf einer gewissen Organisation und nat\u00fcrlich auch etwas Gl\u00fcck. Von Vorteil ist es auf alle F\u00e4lle, zwei Reisep\u00e4sse mitzuf\u00fchren, um&#8230;<\/p>\n","protected":false},"author":2,"featured_media":0,"parent":0,"menu_order":2,"comment_status":"open","ping_status":"open","template":"","meta":[],"_links":{"self":[{"href":"https:\/\/abicyclediary.com\/index.php?rest_route=\/wp\/v2\/pages\/82"}],"collection":[{"href":"https:\/\/abicyclediary.com\/index.php?rest_route=\/wp\/v2\/pages"}],"about":[{"href":"https:\/\/abicyclediary.com\/index.php?rest_route=\/wp\/v2\/types\/page"}],"author":[{"embeddable":true,"href":"https:\/\/abicyclediary.com\/index.php?rest_route=\/wp\/v2\/users\/2"}],"replies":[{"embeddable":true,"href":"https:\/\/abicyclediary.com\/index.php?rest_route=%2Fwp%2Fv2%2Fcomments&post=82"}],"version-history":[{"count":15,"href":"https:\/\/abicyclediary.com\/index.php?rest_route=\/wp\/v2\/pages\/82\/revisions"}],"predecessor-version":[{"id":270,"href":"https:\/\/abicyclediary.com\/index.php?rest_route=\/wp\/v2\/pages\/82\/revisions\/270"}],"wp:attachment":[{"href":"https:\/\/abicyclediary.com\/index.php?rest_route=%2Fwp%2Fv2%2Fmedia&parent=82"}],"curies":[{"name":"wp","href":"https:\/\/api.w.org\/{rel}","templated":true}]}}